{"id":19,"date":"2025-02-17T22:30:02","date_gmt":"2025-02-17T21:30:02","guid":{"rendered":"https:\/\/cracou-mcgee.synology.me\/wordpress\/?page_id=19"},"modified":"2026-03-15T19:08:08","modified_gmt":"2026-03-15T18:08:08","slug":"a-propos-de","status":"publish","type":"page","link":"https:\/\/www.backinpower.fr\/?page_id=19","title":{"rendered":"Concert"},"content":{"rendered":"\n<p><\/p>\n\n\n\n<figure class=\"wp-block-table\"><table><tbody><tr><td><strong>7 F\u00e9vrier 2026 &#8211; Usinens &#8211; Mucic&rsquo;Apero<\/strong><\/td><td><a href=\"https:\/\/www.backinpower.fr\/?p=406\" data-type=\"page\" data-id=\"21\">Article<\/a><\/td><td><a href=\"https:\/\/www.youtube.com\/playlist?list=PL5wjSGOpFeCOTt1yt9Y9MAG788UASzFFD\">Vid\u00e9o<\/a><\/td><\/tr><tr><td><strong>4 octobre 2025 &#8211; Megarama Seynod<\/strong><\/td><td><a href=\"https:\/\/www.backinpower.fr\/?p=352\">Article<\/a><\/td><td><a href=\"https:\/\/www.youtube.com\/playlist?list=PL5wjSGOpFeCNK0LARX07nalHyuOI92YfP\">Video<\/a><\/td><\/tr><tr><td><strong>1 ao\u00fbt 2025 &#8211; Le QG &#8211; <a rel=\"noreferrer noopener\" href=\"https:\/\/www.brasseriegessienne.fr\/\" target=\"_blank\">La Brasserie Gessienne<\/a><\/strong><\/td><td><a href=\"https:\/\/www.backinpower.fr\/?p=282\" data-type=\"URL\" data-id=\"https:\/\/www.backinpower.fr\/wordpress\/?p=282\">Article<\/a><\/td><td><a href=\"https:\/\/www.youtube.com\/playlist?list=PL5wjSGOpFeCNGPjwUvHDptzyK67hZyQXW\">Video<\/a><\/td><\/tr><tr><td><strong>21 juin 2025 &#8211; Groisy &#8211; F\u00eate de la musique<\/strong><\/td><td><a href=\"https:\/\/www.backinpower.fr\/?p=251\" data-type=\"URL\" data-id=\"https:\/\/www.backinpower.fr\/wordpress\/?p=251\">Article<\/a><\/td><td><a href=\"https:\/\/www.youtube.com\/playlist?list=PL5wjSGOpFeCPPIxcl2i0vPUq7GtVEPsnP\" data-type=\"URL\" data-id=\"https:\/\/www.youtube.com\/playlist?list=PL5wjSGOpFeCPPIxcl2i0vPUq7GtVEPsnP\">Vid\u00e9o<\/a><\/td><\/tr><tr><td><strong>24 mai 2025 &#8211; Valleiry &#8211; Soir\u00e9e du <a href=\"https:\/\/www.facebook.com\/tcvalleiry?rdid=vBNp7i9koaFDMVn5&amp;share_url=https%3A%2F%2Fwww.facebook.com%2Fshare%2F1AWQ87Ndvi%2F\">Tennis CLub<\/a><\/strong><\/td><td><a href=\"https:\/\/www.backinpower.fr\/?p=190(ouvre un nouvel onglet)\" data-type=\"URL\" data-id=\"https:\/\/www.backinpower.fr\/wordpress\/?p=190(ouvre un nouvel onglet)\">Article<\/a><\/td><td><meta charset=\"utf-8\"><a href=\"https:\/\/youtu.be\/wJJ59f6SZAk?si=dZq3b_78C2-v9B6Y\">Video<\/a><\/td><\/tr><tr><td><meta charset=\"utf-8\"><strong>8 f\u00e9vrier 2025 &#8211; Usinens &#8211; Music&rsquo;Apero<\/strong><\/td><td><a href=\"https:\/\/www.backinpower.fr\/?p=50\">Article<\/a><\/td><td><a href=\"https:\/\/www.youtube.com\/playlist?list=PL5wjSGOpFeCPKEyBPNlBHMdA5xW67P55e\">Video<\/a><\/td><\/tr><\/tbody><\/table><\/figure>\n\n\n\n<p align=center><iframe loading=\"lazy\" src=\"https:\/\/calendar.google.com\/calendar\/embed?height=600&#038;wkst=2&#038;ctz=Europe%2FParis&#038;showPrint=0&#038;showTz=0&#038;showCalendars=0&#038;title=Back%20In%20Power%20Agenda&#038;src=YmFja2lucG93ZXI3NEBnbWFpbC5jb20&#038;color=%23f6bf26\" style=\"border-width:0\" width=\"800\" height=\"600\" frameborder=\"0\" scrolling=\"no\"><\/iframe><\/p>\n","protected":false},"excerpt":{"rendered":"<p>7 F\u00e9vrier 2026 &#8211; Usinens &#8211; Mucic&rsquo;Apero Article Vid\u00e9o 4 octobre 2025 &#8211; Megarama Seynod Article Video 1 ao\u00fbt 2025 &#8211; Le QG &#8211; La Brasserie Gessienne Article Video 21 juin 2025 &#8211; Groisy &#8211; F\u00eate de la musique Article Vid\u00e9o 24 mai 2025 &#8211; Valleiry &#8211; Soir\u00e9e du Tennis CLub Article Video 8 f\u00e9vrier [&hellip;]<\/p>\n","protected":false},"author":1,"featured_media":0,"parent":0,"menu_order":0,"comment_status":"closed","ping_status":"closed","template":"","meta":{"footnotes":""},"class_list":["post-19","page","type-page","status-publish","hentry"],"_links":{"self":[{"href":"https:\/\/www.backinpower.fr\/index.php?rest_route=\/wp\/v2\/pages\/19","targetHints":{"allow":["GET"]}}],"collection":[{"href":"https:\/\/www.backinpower.fr\/index.php?rest_route=\/wp\/v2\/pages"}],"about":[{"href":"https:\/\/www.backinpower.fr\/index.php?rest_route=\/wp\/v2\/types\/page"}],"author":[{"embeddable":true,"href":"https:\/\/www.backinpower.fr\/index.php?rest_route=\/wp\/v2\/users\/1"}],"replies":[{"embeddable":true,"href":"https:\/\/www.backinpower.fr\/index.php?rest_route=%2Fwp%2Fv2%2Fcomments&post=19"}],"version-history":[{"count":40,"href":"https:\/\/www.backinpower.fr\/index.php?rest_route=\/wp\/v2\/pages\/19\/revisions"}],"predecessor-version":[{"id":514,"href":"https:\/\/www.backinpower.fr\/index.php?rest_route=\/wp\/v2\/pages\/19\/revisions\/514"}],"wp:attachment":[{"href":"https:\/\/www.backinpower.fr\/index.php?rest_route=%2Fwp%2Fv2%2Fmedia&parent=19"}],"curies":[{"name":"wp","href":"https:\/\/api.w.org\/{rel}","templated":true}]}}